{"id":44,"date":"2025-02-06T07:36:08","date_gmt":"2025-02-06T06:36:08","guid":{"rendered":"https:\/\/turdoor.com\/?page_id=44"},"modified":"2025-05-16T11:04:32","modified_gmt":"2025-05-16T08:04:32","slug":"uber-uns","status":"publish","type":"page","link":"https:\/\/turdoor.com\/en\/uber-uns\/","title":{"rendered":"About Us"},"content":{"rendered":"<div data-elementor-type=\"wp-page\" data-elementor-id=\"44\" class=\"elementor elementor-44\" data-elementor-post-type=\"page\">\n\t\t\t\t<section class=\"elementor-element elementor-element-70afed8 e-flex e-con-boxed e-con e-parent\" data-id=\"70afed8\" data-element_type=\"container\">\n\t\t\t\t\t<div class=\"e-con-inner\">\n\t\t\t\t<div class=\"elementor-element elementor-element-f537ea3 elementor-widget elementor-widget-image\" data-id=\"f537ea3\" data-element_type=\"widget\" data-widget_type=\"image.default\">\n\t\t\t\t<div class=\"elementor-widget-container\">\n\t\t\t\t\t\t\t\t\t\t\t\t\t\t\t<img fetchpriority=\"high\" decoding=\"async\" width=\"1366\" height=\"1178\" src=\"https:\/\/turdoor.com\/wp-content\/uploads\/turdoor-3d-logo.webp\" class=\"attachment-full size-full wp-image-2012\" alt=\"TurDoor 3D Logo auf einem sch\u00f6nen Leder Hintergrund\" srcset=\"https:\/\/turdoor.com\/wp-content\/uploads\/turdoor-3d-logo.webp 1366w, https:\/\/turdoor.com\/wp-content\/uploads\/turdoor-3d-logo-768x662.webp 768w, https:\/\/turdoor.com\/wp-content\/uploads\/turdoor-3d-logo-14x12.webp 14w\" sizes=\"(max-width: 1366px) 100vw, 1366px\" loading=\"eager\" \/>\t\t\t\t\t\t\t\t\t\t\t\t\t\t\t<\/div>\n\t\t\t\t<\/div>\n\t\t\t\t\t<\/div>\n\t\t\t\t<\/section>\n\t\t<section class=\"elementor-element elementor-element-3a8b55f e-grid e-con-boxed e-con e-parent\" data-id=\"3a8b55f\" data-element_type=\"container\">\n\t\t\t\t\t<div class=\"e-con-inner\">\n\t\t\t\t<div class=\"elementor-element elementor-element-ee65be4 elementor-widget elementor-widget-text-editor\" data-id=\"ee65be4\" data-element_type=\"widget\" data-widget_type=\"text-editor.default\">\n\t\t\t\t<div class=\"elementor-widget-container\">\n\t\t\t\t\t\t\t\t\t<h2>At TurDoor, security is our top priority - and it starts right at your front door<\/h2><p>At TurDoor, your security and the security of your family is our top priority - because security starts at the front door. TurDoor is your expert for high-quality, armored security doors - from private residences and apartment buildings to large commercial properties.<\/p><p>Our exclusive collection offers a variety of security levels and aesthetic options, so you can find the door that suits your needs and style. Whether standard size or custom made, we offer bespoke security solutions to perfectly suit your property, from modern to classic, our design options will inspire you and you are guaranteed to find a door that suits your needs.<\/p><p>Did you know that the number of domestic burglaries in Germany rose by 18.1% to a total of 77,819 in 2023?<\/p><p>Imagine coming home and immediately feeling the sense of safety and security that only your own home can give you. With TurDoor security doors, this feeling becomes a reality - and burglars can pack their bags.<\/p><p>Our doors offer reliable protection against burglary and vandalism - with RC03-06 resistance and up to 46 locking points, you are guaranteed maximum protection. With the utmost care and strict standards, we ensure that our doors meet the highest quality requirements.<\/p><p>At TurDoor, your safety and well-being always come first. Let us work together to ensure that you and your family feel safe and secure and that your valuables are protected. We make your home safe. Experience the reassuring feeling of being optimally protected - quickly, stylishly and securely.<\/p>\t\t\t\t\t\t\t\t<\/div>\n\t\t\t\t<\/div>\n\t\t\t\t\t<\/div>\n\t\t\t\t<\/section>\n\t\t<section class=\"elementor-element elementor-element-7d68578 e-flex e-con-boxed e-con e-parent\" data-id=\"7d68578\" data-element_type=\"container\" data-settings=\"{&quot;background_background&quot;:&quot;classic&quot;}\">\n\t\t\t\t\t<div class=\"e-con-inner\">\n\t\t\t\t<div class=\"elementor-element elementor-element-889a8d4 elementor-pagination-type-bullets elementor-pagination-position-outside elementor-widget elementor-widget-n-carousel\" data-id=\"889a8d4\" data-element_type=\"widget\" data-settings=\"{&quot;carousel_items&quot;:[{&quot;slide_title&quot;:&quot;Confucius&quot;,&quot;_id&quot;:&quot;da777b9&quot;},{&quot;slide_title&quot;:&quot;Mahatma Gandhi&quot;,&quot;_id&quot;:&quot;bf0502c&quot;},{&quot;slide_title&quot;:&quot;Winston Churchill&quot;,&quot;_id&quot;:&quot;d445376&quot;}],&quot;slides_to_show&quot;:&quot;1&quot;,&quot;slides_to_show_tablet&quot;:&quot;1&quot;,&quot;slides_to_scroll&quot;:&quot;1&quot;,&quot;slides_to_scroll_tablet&quot;:&quot;1&quot;,&quot;slides_to_show_mobile&quot;:&quot;1&quot;,&quot;autoplay&quot;:&quot;yes&quot;,&quot;autoplay_speed&quot;:5000,&quot;pause_on_hover&quot;:&quot;yes&quot;,&quot;pause_on_interaction&quot;:&quot;yes&quot;,&quot;infinite&quot;:&quot;yes&quot;,&quot;speed&quot;:500,&quot;offset_sides&quot;:&quot;none&quot;,&quot;pagination&quot;:&quot;bullets&quot;,&quot;image_spacing_custom&quot;:{&quot;unit&quot;:&quot;px&quot;,&quot;size&quot;:10,&quot;sizes&quot;:[]},&quot;image_spacing_custom_tablet&quot;:{&quot;unit&quot;:&quot;px&quot;,&quot;size&quot;:&quot;&quot;,&quot;sizes&quot;:[]},&quot;image_spacing_custom_mobile&quot;:{&quot;unit&quot;:&quot;px&quot;,&quot;size&quot;:&quot;&quot;,&quot;sizes&quot;:[]}}\" data-widget_type=\"nested-carousel.default\">\n\t\t\t\t<div class=\"elementor-widget-container\">\n\t\t\t\t\t\t\t<div class=\"e-n-carousel swiper\" role=\"region\" aria-roledescription=\"carousel\" aria-label=\"Quotes Carousel\" dir=\"ltr\">\n\t\t\t<div class=\"swiper-wrapper\" aria-live=\"off\">\n\t\t\t\t\t\t\t\t\t\t<div class=\"swiper-slide\" data-slide=\"1\" role=\"group\" aria-roledescription=\"slide\" aria-label=\"1 of 3\">\n\t\t\t\t\t\t\t<div class=\"elementor-element elementor-element-1f08318 e-flex e-con-boxed e-con e-child\" data-id=\"1f08318\" data-element_type=\"container\">\n\t\t\t\t\t<div class=\"e-con-inner\">\n\t\t\t\t<div class=\"elementor-element elementor-element-0cff6da elementor-widget elementor-widget-heading\" data-id=\"0cff6da\" data-element_type=\"widget\" data-widget_type=\"heading.default\">\n\t\t\t\t<div class=\"elementor-widget-container\">\n\t\t\t\t\t<h2 class=\"elementor-heading-title elementor-size-default\">Confucius<\/h2>\t\t\t\t<\/div>\n\t\t\t\t<\/div>\n\t\t\t\t<div class=\"elementor-element elementor-element-88f7eb7 elementor-widget__width-initial elementor-widget-mobile__width-inherit elementor-widget elementor-widget-text-editor\" data-id=\"88f7eb7\" data-element_type=\"widget\" data-widget_type=\"text-editor.default\">\n\t\t\t\t<div class=\"elementor-widget-container\">\n\t\t\t\t\t\t\t\t\t<p class=\"translation-block\"><em>\" The strength of a nation begins with harmony and security in the home. \"<\/em><\/p>\t\t\t\t\t\t\t\t<\/div>\n\t\t\t\t<\/div>\n\t\t\t\t\t<\/div>\n\t\t\t\t<\/div>\n\t\t\t\t\t\t\t\t<\/div>\n\t\t\t\t\t\t\t\t\t\t\t<div class=\"swiper-slide\" data-slide=\"2\" role=\"group\" aria-roledescription=\"slide\" aria-label=\"2 of 3\">\n\t\t\t\t\t\t\t<div class=\"elementor-element elementor-element-1322090 e-flex e-con-boxed e-con e-child\" data-id=\"1322090\" data-element_type=\"container\">\n\t\t\t\t\t<div class=\"e-con-inner\">\n\t\t\t\t<div class=\"elementor-element elementor-element-7c631d2 elementor-widget elementor-widget-heading\" data-id=\"7c631d2\" data-element_type=\"widget\" data-widget_type=\"heading.default\">\n\t\t\t\t<div class=\"elementor-widget-container\">\n\t\t\t\t\t<h2 class=\"elementor-heading-title elementor-size-default\">Mahatma Gandhi<\/h2>\t\t\t\t<\/div>\n\t\t\t\t<\/div>\n\t\t\t\t<div class=\"elementor-element elementor-element-42dc27f elementor-widget__width-initial elementor-widget-mobile__width-inherit elementor-widget elementor-widget-text-editor\" data-id=\"42dc27f\" data-element_type=\"widget\" data-widget_type=\"text-editor.default\">\n\t\t\t\t<div class=\"elementor-widget-container\">\n\t\t\t\t\t\t\t\t\t<p class=\"translation-block\"><em>\" The security of the family is the foundation of a society's happiness. \"<\/em><\/p>\t\t\t\t\t\t\t\t<\/div>\n\t\t\t\t<\/div>\n\t\t\t\t\t<\/div>\n\t\t\t\t<\/div>\n\t\t\t\t\t\t\t\t<\/div>\n\t\t\t\t\t\t\t\t\t\t\t<div class=\"swiper-slide\" data-slide=\"3\" role=\"group\" aria-roledescription=\"slide\" aria-label=\"3 of 3\">\n\t\t\t\t\t\t\t<div class=\"elementor-element elementor-element-004a961 e-flex e-con-boxed e-con e-child\" data-id=\"004a961\" data-element_type=\"container\">\n\t\t\t\t\t<div class=\"e-con-inner\">\n\t\t\t\t<div class=\"elementor-element elementor-element-f6683fe elementor-widget elementor-widget-heading\" data-id=\"f6683fe\" data-element_type=\"widget\" data-widget_type=\"heading.default\">\n\t\t\t\t<div class=\"elementor-widget-container\">\n\t\t\t\t\t<h2 class=\"elementor-heading-title elementor-size-default\">Winston Churchill<\/h2>\t\t\t\t<\/div>\n\t\t\t\t<\/div>\n\t\t\t\t<div class=\"elementor-element elementor-element-4512c7e elementor-widget__width-initial elementor-widget-mobile__width-inherit elementor-widget elementor-widget-text-editor\" data-id=\"4512c7e\" data-element_type=\"widget\" data-widget_type=\"text-editor.default\">\n\t\t\t\t<div class=\"elementor-widget-container\">\n\t\t\t\t\t\t\t\t\t<p class=\"translation-block\"><em>\" To have a safe future, we must protect what is most valuable: the family and the home. \"<\/em><\/p>\t\t\t\t\t\t\t\t<\/div>\n\t\t\t\t<\/div>\n\t\t\t\t\t<\/div>\n\t\t\t\t<\/div>\n\t\t\t\t\t\t\t\t<\/div>\n\t\t\t\t\t\t\t\t<\/div>\n\t\t<\/div>\n\t\t\t\t\t<div class=\"swiper-pagination\"><\/div>\n\t\t\t\t\t\t<\/div>\n\t\t\t\t<\/div>\n\t\t\t\t\t<\/div>\n\t\t\t\t<\/section>\n\t\t<section class=\"elementor-element elementor-element-51ff1f9 e-grid e-con-boxed e-con e-parent\" data-id=\"51ff1f9\" data-element_type=\"container\" data-settings=\"{&quot;background_background&quot;:&quot;classic&quot;}\">\n\t\t\t\t\t<div class=\"e-con-inner\">\n\t\t<div class=\"elementor-element elementor-element-91887ef e-con-full e-flex e-con e-child\" data-id=\"91887ef\" data-element_type=\"container\" data-settings=\"{&quot;sticky_on&quot;:[&quot;desktop&quot;],&quot;sticky_offset&quot;:120,&quot;sticky_parent&quot;:&quot;yes&quot;,&quot;sticky&quot;:&quot;top&quot;,&quot;sticky_effects_offset&quot;:0,&quot;sticky_anchor_link_offset&quot;:0}\">\n\t\t\t\t<div class=\"elementor-element elementor-element-de40461 elementor-widget elementor-widget-heading\" data-id=\"de40461\" data-element_type=\"widget\" data-widget_type=\"heading.default\">\n\t\t\t\t<div class=\"elementor-widget-container\">\n\t\t\t\t\t<h2 class=\"elementor-heading-title elementor-size-default\">Our Guiding Principles<\/h2>\t\t\t\t<\/div>\n\t\t\t\t<\/div>\n\t\t\t\t<\/div>\n\t\t\t\t<div class=\"elementor-element elementor-element-1448586 elementor-grid-1 elementor-grid-tablet-1 elementor-grid-mobile-1 elementor-widget elementor-widget-loop-grid\" data-id=\"1448586\" data-element_type=\"widget\" data-settings=\"{&quot;template_id&quot;:&quot;688&quot;,&quot;columns&quot;:1,&quot;columns_tablet&quot;:1,&quot;row_gap&quot;:{&quot;unit&quot;:&quot;custom&quot;,&quot;size&quot;:&quot;var(--gap-m)&quot;,&quot;sizes&quot;:[]},&quot;row_gap_tablet&quot;:{&quot;unit&quot;:&quot;custom&quot;,&quot;size&quot;:&quot;&quot;,&quot;sizes&quot;:[]},&quot;row_gap_mobile&quot;:{&quot;unit&quot;:&quot;custom&quot;,&quot;size&quot;:&quot;&quot;,&quot;sizes&quot;:[]},&quot;_skin&quot;:&quot;post&quot;,&quot;columns_mobile&quot;:&quot;1&quot;,&quot;edit_handle_selector&quot;:&quot;[data-elementor-type=\\&quot;loop-item\\&quot;]&quot;}\" data-widget_type=\"loop-grid.post\">\n\t\t\t\t<div class=\"elementor-widget-container\">\n\t\t\t\t\t\t\t<div class=\"elementor-loop-container elementor-grid\">\n\t\t<style id=\"loop-688\">.elementor-688 .elementor-element.elementor-element-aed9c47{--display:flex;--flex-direction:column;--container-widget-width:100%;--container-widget-height:initial;--container-widget-flex-grow:0;--container-widget-align-self:initial;--flex-wrap-mobile:wrap;--background-transition:0.3s;border-style:solid;--border-style:solid;border-width:1px 1px 1px 1px;--border-top-width:1px;--border-right-width:1px;--border-bottom-width:1px;--border-left-width:1px;border-color:var( --e-global-color-2f9491b );--border-color:var( --e-global-color-2f9491b );--border-radius:var(--radius) var(--radius) var(--radius) var(--radius);--padding-top:var(--gap-xl);--padding-bottom:var(--gap-xl);--padding-left:var(--gap-xl);--padding-right:var(--gap-xl);}.elementor-688 .elementor-element.elementor-element-aed9c47:hover{background-color:var( --e-global-color-1cdd063 );border-style:solid;border-width:1px 1px 1px 1px;--border-top-width:1px;--border-right-width:1px;--border-bottom-width:1px;--border-left-width:1px;box-shadow:0px 10px 15px 0px rgba(0, 0, 0, 0.05);}.elementor-688 .elementor-element.elementor-element-aed9c47, .elementor-688 .elementor-element.elementor-element-aed9c47::before{--border-transition:0.3s;}.elementor-688 .elementor-element.elementor-element-94e59e0{text-align:left;}.elementor-688 .elementor-element.elementor-element-94e59e0 img{width:32px;}.elementor-688 .elementor-element.elementor-element-3a0e846{text-align:left;}.elementor-688 .elementor-element.elementor-element-3a0e846 .elementor-heading-title{font-family:var( --e-global-typography-secondary-font-family ), Sans-serif;font-size:var( --e-global-typography-secondary-font-size );font-weight:var( --e-global-typography-secondary-font-weight );line-height:var( --e-global-typography-secondary-line-height );letter-spacing:var( --e-global-typography-secondary-letter-spacing );color:var( --e-global-color-text );}.elementor-688 .elementor-element.elementor-element-0187bd5 .elementor-widget-container{text-align:left;color:var( --e-global-color-accent );font-family:var( --e-global-typography-dcb170d-font-family ), Sans-serif;font-size:var( --e-global-typography-dcb170d-font-size );font-weight:var( --e-global-typography-dcb170d-font-weight );letter-spacing:var( --e-global-typography-dcb170d-letter-spacing );}@media(max-width:1024px){.elementor-688 .elementor-element.elementor-element-3a0e846 .elementor-heading-title{font-size:var( --e-global-typography-secondary-font-size );line-height:var( --e-global-typography-secondary-line-height );letter-spacing:var( --e-global-typography-secondary-letter-spacing );}.elementor-688 .elementor-element.elementor-element-0187bd5 .elementor-widget-container{font-size:var( --e-global-typography-dcb170d-font-size );letter-spacing:var( --e-global-typography-dcb170d-letter-spacing );}}@media(max-width:767px){.elementor-688 .elementor-element.elementor-element-3a0e846 .elementor-heading-title{font-size:var( --e-global-typography-secondary-font-size );line-height:var( --e-global-typography-secondary-line-height );letter-spacing:var( --e-global-typography-secondary-letter-spacing );}.elementor-688 .elementor-element.elementor-element-0187bd5 .elementor-widget-container{font-size:var( --e-global-typography-dcb170d-font-size );letter-spacing:var( --e-global-typography-dcb170d-letter-spacing );}}<\/style>\t\t<div data-elementor-type=\"loop-item\" data-elementor-id=\"688\" class=\"elementor elementor-688 e-loop-item e-loop-item-684 post-684 principle type-principle status-publish has-post-thumbnail hentry\" data-elementor-post-type=\"elementor_library\" data-custom-edit-handle=\"1\">\n\t\t\t<div class=\"elementor-element elementor-element-aed9c47 e-flex e-con-boxed e-con e-parent\" data-id=\"aed9c47\" data-element_type=\"container\" data-settings=\"{&quot;background_background&quot;:&quot;classic&quot;}\">\n\t\t\t\t\t<div class=\"e-con-inner\">\n\t\t\t\t<div class=\"elementor-element elementor-element-94e59e0 elementor-widget elementor-widget-theme-post-featured-image elementor-widget-image\" data-id=\"94e59e0\" data-element_type=\"widget\" data-widget_type=\"theme-post-featured-image.default\">\n\t\t\t\t<div class=\"elementor-widget-container\">\n\t\t\t\t\t\t\t\t\t\t\t\t\t\t\t<img decoding=\"async\" width=\"44\" height=\"44\" src=\"https:\/\/turdoor.com\/wp-content\/uploads\/vision-icon.svg\" class=\"attachment-full size-full wp-image-687\" alt=\"Gl\u00fchbirnen-Symbol\" loading=\"eager\" \/>\t\t\t\t\t\t\t\t\t\t\t\t\t\t\t<\/div>\n\t\t\t\t<\/div>\n\t\t\t\t<div class=\"elementor-element elementor-element-3a0e846 elementor-widget elementor-widget-theme-post-title elementor-page-title elementor-widget-heading\" data-id=\"3a0e846\" data-element_type=\"widget\" data-widget_type=\"theme-post-title.default\">\n\t\t\t\t<div class=\"elementor-widget-container\">\n\t\t\t\t\t<h3 class=\"elementor-heading-title elementor-size-default\">Our Vision<\/h3>\t\t\t\t<\/div>\n\t\t\t\t<\/div>\n\t\t\t\t<div class=\"elementor-element elementor-element-0187bd5 elementor-widget elementor-widget-theme-post-excerpt\" data-id=\"0187bd5\" data-element_type=\"widget\" data-widget_type=\"theme-post-excerpt.default\">\n\t\t\t\t<div class=\"elementor-widget-container\">\n\t\t\t\t\tAt TurDoor, in a Europe that is changing every day, your security is more than just a priority - it is at the heart of our company. TurDoor stands for a future in which security is not a luxury, but a matter of course. With doors that offer protection and the reassuring feeling of absolute security.\t\t\t\t<\/div>\n\t\t\t\t<\/div>\n\t\t\t\t\t<\/div>\n\t\t\t\t<\/div>\n\t\t\t\t<\/div>\n\t\t\t\t<div data-elementor-type=\"loop-item\" data-elementor-id=\"688\" class=\"elementor elementor-688 e-loop-item e-loop-item-683 post-683 principle type-principle status-publish has-post-thumbnail hentry\" data-elementor-post-type=\"elementor_library\" data-custom-edit-handle=\"1\">\n\t\t\t<div class=\"elementor-element elementor-element-aed9c47 e-flex e-con-boxed e-con e-parent\" data-id=\"aed9c47\" data-element_type=\"container\" data-settings=\"{&quot;background_background&quot;:&quot;classic&quot;}\">\n\t\t\t\t\t<div class=\"e-con-inner\">\n\t\t\t\t<div class=\"elementor-element elementor-element-94e59e0 elementor-widget elementor-widget-theme-post-featured-image elementor-widget-image\" data-id=\"94e59e0\" data-element_type=\"widget\" data-widget_type=\"theme-post-featured-image.default\">\n\t\t\t\t<div class=\"elementor-widget-container\">\n\t\t\t\t\t\t\t\t\t\t\t\t\t\t\t<img decoding=\"async\" width=\"38\" height=\"32\" src=\"https:\/\/turdoor.com\/wp-content\/uploads\/values-icon.svg\" class=\"attachment-full size-full wp-image-686\" alt=\"Diamant-Symbol\" loading=\"eager\" \/>\t\t\t\t\t\t\t\t\t\t\t\t\t\t\t<\/div>\n\t\t\t\t<\/div>\n\t\t\t\t<div class=\"elementor-element elementor-element-3a0e846 elementor-widget elementor-widget-theme-post-title elementor-page-title elementor-widget-heading\" data-id=\"3a0e846\" data-element_type=\"widget\" data-widget_type=\"theme-post-title.default\">\n\t\t\t\t<div class=\"elementor-widget-container\">\n\t\t\t\t\t<h3 class=\"elementor-heading-title elementor-size-default\">Our Values<\/h3>\t\t\t\t<\/div>\n\t\t\t\t<\/div>\n\t\t\t\t<div class=\"elementor-element elementor-element-0187bd5 elementor-widget elementor-widget-theme-post-excerpt\" data-id=\"0187bd5\" data-element_type=\"widget\" data-widget_type=\"theme-post-excerpt.default\">\n\t\t\t\t<div class=\"elementor-widget-container\">\n\t\t\t\t\tAt TurDoor, security comes first - not as an option, but as a promise. And security begins with trust.  That's why we stand for quality, innovation and individual solutions.\t\t\t\t<\/div>\n\t\t\t\t<\/div>\n\t\t\t\t\t<\/div>\n\t\t\t\t<\/div>\n\t\t\t\t<\/div>\n\t\t\t\t<div data-elementor-type=\"loop-item\" data-elementor-id=\"688\" class=\"elementor elementor-688 e-loop-item e-loop-item-681 post-681 principle type-principle status-publish has-post-thumbnail hentry\" data-elementor-post-type=\"elementor_library\" data-custom-edit-handle=\"1\">\n\t\t\t<div class=\"elementor-element elementor-element-aed9c47 e-flex e-con-boxed e-con e-parent\" data-id=\"aed9c47\" data-element_type=\"container\" data-settings=\"{&quot;background_background&quot;:&quot;classic&quot;}\">\n\t\t\t\t\t<div class=\"e-con-inner\">\n\t\t\t\t<div class=\"elementor-element elementor-element-94e59e0 elementor-widget elementor-widget-theme-post-featured-image elementor-widget-image\" data-id=\"94e59e0\" data-element_type=\"widget\" data-widget_type=\"theme-post-featured-image.default\">\n\t\t\t\t<div class=\"elementor-widget-container\">\n\t\t\t\t\t\t\t\t\t\t\t\t\t\t\t<img decoding=\"async\" width=\"30\" height=\"30\" src=\"https:\/\/turdoor.com\/wp-content\/uploads\/philosophy-icon.svg\" class=\"attachment-full size-full wp-image-713\" alt=\"Atom-Symbol\" loading=\"eager\" \/>\t\t\t\t\t\t\t\t\t\t\t\t\t\t\t<\/div>\n\t\t\t\t<\/div>\n\t\t\t\t<div class=\"elementor-element elementor-element-3a0e846 elementor-widget elementor-widget-theme-post-title elementor-page-title elementor-widget-heading\" data-id=\"3a0e846\" data-element_type=\"widget\" data-widget_type=\"theme-post-title.default\">\n\t\t\t\t<div class=\"elementor-widget-container\">\n\t\t\t\t\t<h3 class=\"elementor-heading-title elementor-size-default\">Our Mission<\/h3>\t\t\t\t<\/div>\n\t\t\t\t<\/div>\n\t\t\t\t<div class=\"elementor-element elementor-element-0187bd5 elementor-widget elementor-widget-theme-post-excerpt\" data-id=\"0187bd5\" data-element_type=\"widget\" data-widget_type=\"theme-post-excerpt.default\">\n\t\t\t\t<div class=\"elementor-widget-container\">\n\t\t\t\t\tTo offer you the ultimate protection - for your family, your business and your property, because security starts at the front door. With a wide range of design options, we create the perfect symbiosis of maximum protection and stylish design.\t\t\t\t<\/div>\n\t\t\t\t<\/div>\n\t\t\t\t\t<\/div>\n\t\t\t\t<\/div>\n\t\t\t\t<\/div>\n\t\t\t\t<\/div>\n\t\t\n\t\t\t\t\t\t<\/div>\n\t\t\t\t<\/div>\n\t\t\t\t\t<\/div>\n\t\t\t\t<\/section>\n\t\t<div class=\"elementor-element elementor-element-556062e e-flex e-con-boxed e-con e-parent\" data-id=\"556062e\" data-element_type=\"container\">\n\t\t\t\t\t<div class=\"e-con-inner\">\n\t\t\t\t\t<\/div>\n\t\t\t\t<\/div>\n\t\t\t\t<\/div>","protected":false},"excerpt":{"rendered":"<p>Bei TurDoor hat Sicherheit oberste Priorit\u00e4t \u2013 und diese beginnt direkt an Ihrer Haust\u00fcr Bei TurDoor hat Ihre Sicherheit und die Sicherheit Ihrer Familie oberste Priorita\u0308t &#8211; denn Sicherheit beginnt an der Haustu\u0308r. TurDoor ist Ihr Experte f\u00fcr hochwertige, gepanzerte Sicherheitst\u00fcren \u2013 von Privatwohnungen und Wohnh\u00e4usern bis hin zu gro\u00dfen Gewerbeimmobilien. Unsere exklusive Kollektion bietet [&hellip;]<\/p>","protected":false},"author":1,"featured_media":0,"parent":0,"menu_order":1,"comment_status":"closed","ping_status":"closed","template":"","meta":{"_acf_changed":false,"slim_seo":{"title":"Unsere Mission - TurDoor Dev","description":"Ihnen den ultimativen Schutz zu bieten \u2013 f\u00fcr Ihre Familie, Ihr Unternehmen und Ihr Eigentum, denn Sicherheit f\u00e4ngt an der Haust\u00fcre an. Mit einer Vielzahl an Des"},"footnotes":""},"class_list":["post-44","page","type-page","status-publish","hentry"],"acf":[],"_links":{"self":[{"href":"https:\/\/turdoor.com\/en\/wp-json\/wp\/v2\/pages\/44","targetHints":{"allow":["GET"]}}],"collection":[{"href":"https:\/\/turdoor.com\/en\/wp-json\/wp\/v2\/pages"}],"about":[{"href":"https:\/\/turdoor.com\/en\/wp-json\/wp\/v2\/types\/page"}],"author":[{"embeddable":true,"href":"https:\/\/turdoor.com\/en\/wp-json\/wp\/v2\/users\/1"}],"replies":[{"embeddable":true,"href":"https:\/\/turdoor.com\/en\/wp-json\/wp\/v2\/comments?post=44"}],"version-history":[{"count":0,"href":"https:\/\/turdoor.com\/en\/wp-json\/wp\/v2\/pages\/44\/revisions"}],"wp:attachment":[{"href":"https:\/\/turdoor.com\/en\/wp-json\/wp\/v2\/media?parent=44"}],"curies":[{"name":"wp","href":"https:\/\/api.w.org\/{rel}","templated":true}]}}