{"id":827,"date":"2025-02-07T10:04:10","date_gmt":"2025-02-07T08:04:10","guid":{"rendered":"https:\/\/turdoor.com\/?post_type=product&#038;p=827"},"modified":"2025-05-16T10:59:42","modified_gmt":"2025-05-16T07:59:42","slug":"pivot-doors","status":"publish","type":"product","link":"https:\/\/turdoor.com\/en\/product\/pivot-doors\/","title":{"rendered":"Pivot Doors"},"featured_media":0,"template":"","meta":{"_acf_changed":false,"slim_seo":{"title":"Pivot T\u00fcren von TurDoor \u2013 Modern, Sicher & Ma\u00dfgefertigt","description":"Entdecken Sie hochwertige Pivot T\u00fcren von TurDoor: modernes Design, verdeckte Achse, elektronische Sicherheit & Komfort. Ideal f\u00fcr gro\u00dfe Eingangsbereiche."}},"product-category":[14],"class_list":["post-827","product","type-product","status-publish","hentry","product-category-pivot-doors"],"acf":[],"_links":{"self":[{"href":"https:\/\/turdoor.com\/en\/wp-json\/wp\/v2\/product\/827","targetHints":{"allow":["GET"]}}],"collection":[{"href":"https:\/\/turdoor.com\/en\/wp-json\/wp\/v2\/product"}],"about":[{"href":"https:\/\/turdoor.com\/en\/wp-json\/wp\/v2\/types\/product"}],"wp:attachment":[{"href":"https:\/\/turdoor.com\/en\/wp-json\/wp\/v2\/media?parent=827"}],"wp:term":[{"taxonomy":"product-category","embeddable":true,"href":"https:\/\/turdoor.com\/en\/wp-json\/wp\/v2\/product-category?post=827"}],"curies":[{"name":"wp","href":"https:\/\/api.w.org\/{rel}","templated":true}]}}