{"id":828,"date":"2025-02-07T10:02:22","date_gmt":"2025-02-07T08:02:22","guid":{"rendered":"https:\/\/turdoor.com\/?post_type=product&#038;p=828"},"modified":"2025-05-16T11:00:06","modified_gmt":"2025-05-16T08:00:06","slug":"security-doors","status":"publish","type":"product","link":"https:\/\/turdoor.com\/en\/product\/security-doors\/","title":{"rendered":"Security Doors"},"featured_media":0,"template":"","meta":{"_acf_changed":false,"slim_seo":{"title":"Sicherheitst\u00fcren von TurDoor \u2013 Stilvoller Schutz f\u00fcr Ihr Zuhause","description":"TurDoor Sicherheitst\u00fcren f\u00fcr Mehrfamilienh\u00e4user: elegantes Design, hohe Sicherheit & volle Kompatibilit\u00e4t mit Gegensprechanlage & T\u00fcr\u00f6ffner."}},"product-category":[15],"class_list":["post-828","product","type-product","status-publish","hentry","product-category-security-doors"],"acf":[],"_links":{"self":[{"href":"https:\/\/turdoor.com\/en\/wp-json\/wp\/v2\/product\/828","targetHints":{"allow":["GET"]}}],"collection":[{"href":"https:\/\/turdoor.com\/en\/wp-json\/wp\/v2\/product"}],"about":[{"href":"https:\/\/turdoor.com\/en\/wp-json\/wp\/v2\/types\/product"}],"wp:attachment":[{"href":"https:\/\/turdoor.com\/en\/wp-json\/wp\/v2\/media?parent=828"}],"wp:term":[{"taxonomy":"product-category","embeddable":true,"href":"https:\/\/turdoor.com\/en\/wp-json\/wp\/v2\/product-category?post=828"}],"curies":[{"name":"wp","href":"https:\/\/api.w.org\/{rel}","templated":true}]}}